{"id":135,"date":"2019-07-10T11:27:24","date_gmt":"2019-07-10T11:27:24","guid":{"rendered":"http:\/\/auditgrup.md\/index.php\/home_2\/"},"modified":"2020-04-23T17:25:31","modified_gmt":"2020-04-23T17:25:31","slug":"home_2","status":"publish","type":"page","link":"https:\/\/auditgrup.md\/ro\/","title":{"rendered":"Principal\u0103"},"content":{"rendered":"[vc_row full_width=&#8221;stretch_row&#8221; add_waves=&#8221;1&#8243; wave_top_left=&#8221;1&#8243; wave_bottom_right=&#8221;1&#8243; css=&#8221;.vc_custom_1579004664757{padding-top: 120px !important;padding-bottom: 110px !important;background-color: #f3f3f3 !important;}&#8221; custom_styles_portrait=&#8221;.vc_custom_1579004664766{padding-top: 80px !important;padding-bottom: 80px !important;}&#8221; custom_styles_mobile=&#8221;.vc_custom_1579004664770{padding-bottom: 20px !important;}&#8221; el_id=&#8221;despre&#8221;][vc_column width=&#8221;1\/2&#8243; css=&#8221;.vc_custom_1565179498793{padding-right: 50px !important;}&#8221; custom_styles_landscape=&#8221;.vc_custom_1565179498795{padding-right: 15px !important;}&#8221; offset=&#8221;vc_col-lg-5 vc_col-md-5&#8243;]<div class='cws-textmodule-69fdc95539968 cws-textmodule'><div class='cws-textmodule-header subtitle-above'><div class='cws-textmodule-subtitle'>DESPRE<\/div><h2 class='cws-textmodule-title'>COMPANIE<\/h2><\/div><div class='cws-textmodule-divider divider-position-under'><\/div><div class='cws-textmodule-content-wrapper'><p>Suntem o\u00a0 societate de audit cu experien\u021b\u0103 bogat\u0103 \u00a0\u00een domeniul auditului \u0219i a prest\u0103rii serviciilor de contabilitate. Ajutam clien\u021bii no\u0219tri \u00a0sa-\u0219i ating\u0103 scopurile, prin oferirea unor servicii calitative \u0219i sigure. Recunoa\u0219tem ca munca asidua, responsabilitatea \u0219i perseverenta sunt punctele noastre forte. Suntem receptivi la nevoile clien\u021bilor no\u0219tri \u0219i \u00eencercam s\u0103 aducem plus valoare afacerii acestora. Societatea activeaz\u0103 din anul 1997 \u0219i este membru al Asocia\u021biei Auditorilor \u0219i Societ\u0103\u021bilor de Audit \u201cAFAM\u201d.<\/p>\n<\/div><\/div>[vc_row_inner content_placement=&#8221;middle&#8221; css=&#8221;.vc_custom_1564577015356{padding-top: 28px !important;}&#8221;][vc_column_inner width=&#8221;1\/2&#8243;]<div class='cws-textmodule-69fdc95539c2e cws-textmodule'><div class='cws-textmodule-header subtitle-beside'><h2 class='cws-textmodule-title'>Liviu Spinu<\/h2><\/div><div class='cws-textmodule-content-wrapper'><p style=\"font-size: 14px; line-height: 1.5em;\">CEO<\/p>\n<\/div><\/div>[\/vc_column_inner][vc_column_inner width=&#8221;1\/2&#8243; custom_styles_mobile=&#8221;.vc_custom_1564381560288{margin-top: 30px !important;}&#8221;]<div id='cws-image-69fdc95539d4c' class='cws-image-module effect-no-hover'><div class=\"main-image\"><img decoding=\"async\" src=\"https:\/\/auditgrup.md\/wp-content\/uploads\/2019\/07\/draw_text.png\" srcset=\"\" sizes=\"(max-width: 182px) 100vw, 182px\" alt=\"\" class=\"main-image-main\" \/><\/div><\/div>[\/vc_column_inner][\/vc_row_inner][\/vc_column][vc_column width=&#8221;1\/2&#8243; offset=&#8221;vc_col-lg-7 vc_col-md-7&#8243; custom_styles_mobile=&#8221;.vc_custom_1565179752053{margin-top: 40px !important;}&#8221;][vc_row_inner css=&#8221;.vc_custom_1579003527582{margin-right: 0px !important;margin-bottom: -170px !important;margin-left: 0px !important;padding-top: 225px !important;padding-bottom: 225px !important;background-image: url(http:\/\/auditgrup.md\/wp-content\/uploads\/2020\/01\/video2.jpg?id=2514) !important;border-radius: 20px !important;}&#8221; custom_styles_landscape=&#8221;.vc_custom_1579003527588{margin-bottom: 0px !important;padding-top: 150px !important;padding-bottom: 150px !important;}&#8221; custom_styles_portrait=&#8221;.vc_custom_1579003527591{margin-bottom: -60px !important;padding-top: 110px !important;padding-bottom: 110px !important;}&#8221; custom_styles_mobile=&#8221;.vc_custom_1579003527594{margin-right: 0px !important;margin-bottom: -80px !important;margin-left: 0px !important;padding-top: 100px !important;padding-bottom: 100px !important;}&#8221;][vc_column_inner]<div id='cws-icon-69fdc9553a1b2' class='cws-icon-wrapper icon-shape-rounded'><a href='https:\/\/player.vimeo.com\/video\/32976731?autoplay=1' class='cws-icon'><div class='icon-icon-wrapper'><\/div><\/a><\/div>[\/vc_column_inner][\/vc_row_inner][\/vc_column][\/vc_row][vc_row full_width=&#8221;stretch_row&#8221; css=&#8221;.vc_custom_1579004678781{padding-top: 150px !important;padding-bottom: 73px !important;}&#8221; custom_styles_landscape=&#8221;.vc_custom_1579004678785{padding-top: 120px !important;padding-bottom: 90px !important;}&#8221; el_id=&#8221;servicii&#8221;][vc_column]<div class='cws-textmodule-69fdc9553a25c cws-textmodule'><div class='cws-textmodule-header subtitle-above'><div class='cws-textmodule-subtitle'>SERVICII<\/div><h2 class='cws-textmodule-title'>OFERITE<\/h2><\/div><div class='cws-textmodule-divider divider-position-under'><\/div><\/div>[vc_row_inner css=&#8221;.vc_custom_1562761854082{padding-top: 50px !important;}&#8221;][vc_column_inner width=&#8221;1\/3&#8243;]<div class='cws-service-69fdc9553a3fb cws-service-module service-type-default divider-bottom icon-top icon-shape-hexagon'><div class='service-icon-wrapper'><span class='service-media-element'><\/span><span class='icon'><i class='cws_vc_shortcode_icon_3x fa fa-handshake-o'><\/i><\/span><\/div><div class='service-info-wrapper'><div class='service-info-inner'><h6 class='service-title'>Servicii de audit<\/h6><div class='service-divider'><\/div><div class='service-description'>CECD AUDIT GRUP SRL a fost \u00eenregistrata in Registrul public al Societatilor de audit conform prevederilor Legii RM nr. 271 din 15.12.2017 \u201eprivind auditul situatiilor financiare\u201d cu nr: 1902006.\nCECD AUDIT GRUP SRL efectuiaza auditul solicitat\/obligatoriu la societatile comerciale cu capital autohton cit si strain, precum si acorda alte proceduri convenite in baza ISA cit si ISRS 4400.\nConform art. 32 al Legii contabilitatii si raportarii financiare nr 287 din 15.12.2017, auditului obligatoriu sunt supuse:<br \/>\na) situa\u021biile financiare individuale ale entit\u0103\u021bilor mijlocii \u0219i entit\u0103\u021bilor mari, ale entit\u0103\u021bilor de interes public \u0219i ale altor entit\u0103\u021bi, conform legisla\u021biei \u00een vigoare;<br \/>\nb) situa\u021biile financiare consolidate ale grupurilor, conform prevederilor art. 27.<\/div><div class='service-button-wrapper'><\/div><\/div><\/div><\/div>[\/vc_column_inner][vc_column_inner width=&#8221;1\/3&#8243;]<div class='cws-service-69fdc9553a556 cws-service-module service-type-default divider-bottom icon-top icon-shape-hexagon'><div class='service-icon-wrapper'><span class='service-media-element'><\/span><span class='icon'><i class='cws_vc_shortcode_icon_3x fa fa-users'><\/i><\/span><\/div><div class='service-info-wrapper'><div class='service-info-inner'><h6 class='service-title'>Servicii de verificare a reziden\u021bilor IT PARK MOLDOVA.<\/h6><div class='service-divider'><\/div><div class='service-description'>Prestarea serviciilor de verificare anual\u0103 a activit\u0103\u021bii rezidentului \u201cMOLDOVA IT PARK\u201d, se va efectua \u00een conformitate cu prevederile art 18, alin. (2) al Legii nr. 77 din 21.04.2016 \u201ecu privire la parcurile pentru tehnologia informatiei\u201d.\nConform prevederilor Legii 77\/2016, activitatea reziden\u021bilor parcului este supus\u0103 anual, \u00een mod obligatoriu, verific\u0103rii \u00eendeplinirii indicatorilor necesari pentru dob\u00eendirea \u0219i men\u021binerea statutului rezidentului parcului pentru tehnologia informa\u021biei. Indicatorii specifica\u021bi \u00een lege \u0219i supu\u0219i verific\u0103rii s\u00eent stabili\u021bi de c\u0103tre Administra\u021bia parcului, iar verificarea este efectuat\u0103 de c\u0103tre entit\u0103\u021bile de audit. Rezultatele verific\u0103rii se public\u0103 pe pagina web oficial\u0103 a Ministerului Economiei \u0219i Infrastructurii \u0219i cea a parcului pentru tehnologia informa\u021biei.<\/div><div class='service-button-wrapper'><\/div><\/div><\/div><\/div>[\/vc_column_inner][vc_column_inner width=&#8221;1\/3&#8243;]<div class='cws-service-69fdc9553a651 cws-service-module service-type-default divider-bottom icon-top icon-shape-hexagon'><div class='service-icon-wrapper'><span class='service-media-element'><\/span><span class='icon'><i class='cws_vc_shortcode_icon_3x flaticon-digital-marketing-2'><\/i><\/span><\/div><div class='service-info-wrapper'><div class='service-info-inner'><h6 class='service-title'>Confirmarea investi\u021biilor de c\u0103tre auditor<\/h6><div class='service-divider'><\/div><div class='service-description'>Conform prevederilor Legii nr 200 din 16.07.2010 privind regimul strainilor in Republica Moldova, Biroul de Migratie si Azil solicita confirmarea investitiilor de catre un auditor, in cazul :<br \/>\na)Acordarii \u015fi prelungirii dreptului de \u015federe provizorie pentru asocia\u0163ii sau ac\u0163ionarii persoanelor juridice cu investi\u0163ii str\u0103ine \u00eenregistrate \u00een Republica Moldova.<br \/>\nb) Acordarii \u015fi prelungirii dreptului de \u015federe provizorie \u00een scop de munc\u0103 a persoanelor cu func\u0163ii de conducere.\nhttp:\/\/bma.gov.md\/ro\/content\/investi\u021bii-str\u0103ine<\/div><div class='service-button-wrapper'><\/div><\/div><\/div><\/div>[\/vc_column_inner][\/vc_row_inner][\/vc_column][\/vc_row][vc_row full_width=&#8221;stretch_row&#8221; css=&#8221;.vc_custom_1579004693618{padding-top: 100px !important;padding-bottom: 120px !important;}&#8221; custom_styles_portrait=&#8221;.vc_custom_1579004693625{padding-bottom: 50px !important;}&#8221; custom_styles_landscape=&#8221;.vc_custom_1579004693621{padding-top: 70px !important;padding-bottom: 70px !important;}&#8221; el_id=&#8221;certificate&#8221;][vc_column]<div class='cws-textmodule-69fdc9553a78a cws-textmodule'><div class='cws-textmodule-header subtitle-above'><div class='cws-textmodule-subtitle'>CERTIFICATELE<\/div><h2 class='cws-textmodule-title'>NOASTRE<\/h2><\/div><div class='cws-textmodule-divider divider-position-under'><\/div><\/div>[vc_row_inner][vc_column_inner width=&#8221;1\/3&#8243;][vc_single_image image=&#8221;2566&#8243; img_size=&#8221;400&#215;550&#8243; alignment=&#8221;center&#8221; onclick=&#8221;link_image&#8221;][\/vc_column_inner][vc_column_inner width=&#8221;1\/3&#8243;][vc_single_image image=&#8221;2637&#8243; img_size=&#8221;400&#215;550&#8243; alignment=&#8221;center&#8221; onclick=&#8221;link_image&#8221;][\/vc_column_inner][vc_column_inner width=&#8221;1\/3&#8243;][vc_single_image image=&#8221;2602&#8243; img_size=&#8221;400&#215;550&#8243; alignment=&#8221;center&#8221; onclick=&#8221;link_image&#8221;][\/vc_column_inner][\/vc_row_inner][\/vc_column][\/vc_row][vc_row full_width=&#8221;stretch_row&#8221; css=&#8221;.vc_custom_1579004704634{padding-top: 120px !important;padding-bottom: 120px !important;background-color: #f3f3f3 !important;}&#8221; el_id=&#8221;cumlucram&#8221;][vc_column]<div class='cws-textmodule-69fdc9553a8ac cws-textmodule'><div class='cws-textmodule-header subtitle-above'><div class='cws-textmodule-subtitle'>CUM<\/div><h2 class='cws-textmodule-title'>LUCR\u0102M<\/h2><\/div><div class='cws-textmodule-divider divider-position-under'><\/div><\/div><div id=\"cws-roadmap-69fdc9553a9a7\" class=\"cws-roadmap-module\"><div class=\"roadmap-list-wrapper\"><div class='roadmap-row breakpoint odd'><div class='roadmap-item  cws_roadmap-item-69fdc9553a9d0'><div class='roadmap-item-inner'><div class='roadmap-icon-wrapper'><span class='icon'><i class='cws_vc_shortcode_icon_3x fa fa-pencil'><\/i><\/span><\/div><div class='roadmap-label'><span>1<\/span><\/div><div class='roadmap-item-info'><h5 class='roadmap-title'>Completa\u021bi formularul de mai jos<\/h5><\/div><\/div><\/div><div class='roadmap-item  cws_roadmap-item-69fdc9553a9e3'><div class='roadmap-item-inner'><div class='roadmap-icon-wrapper'><span class='icon'><i class='cws_vc_shortcode_icon_3x fa fa-envelope-open'><\/i><\/span><\/div><div class='roadmap-label'><span>2<\/span><\/div><div class='roadmap-item-info'><h5 class='roadmap-title'>Transmite\u021bi formularul<\/h5><\/div><\/div><\/div><div class='roadmap-item  cws_roadmap-item-69fdc9553a9f2'><div class='roadmap-item-inner'><div class='roadmap-icon-wrapper'><span class='icon'><i class='cws_vc_shortcode_icon_3x fa fa-search'><\/i><\/span><\/div><div class='roadmap-label'><span>3<\/span><\/div><div class='roadmap-item-info'><h5 class='roadmap-title'>Prec\u0103utarea ofertei \u0219i negocierea pre\u021bului<\/h5><\/div><\/div><\/div><div class='roadmap-item  cws_roadmap-item-69fdc9553aa01'><div class='roadmap-item-inner'><div class='roadmap-icon-wrapper'><span class='icon'><i class='cws_vc_shortcode_icon_3x fa fa-handshake-o'><\/i><\/span><\/div><div class='roadmap-label'><span>4<\/span><\/div><div class='roadmap-item-info'><h5 class='roadmap-title'>Semnarea contractului \u0219i planificarea misiunii<\/h5><\/div><\/div><\/div><div class='roadmap-item end-point cws_roadmap-item-69fdc9553aa0f'><div class='roadmap-item-inner'><div class='roadmap-icon-wrapper'><span class='icon'><i class='cws_vc_shortcode_icon_3x fa fa-file-text-o'><\/i><\/span><\/div><div class='roadmap-label'><span>5<\/span><\/div><div class='roadmap-item-info'><h5 class='roadmap-title'>Desf\u0103\u0219urarea misiunii \u0219i emiterea Raportului auditorului<\/h5><\/div><\/div><\/div><\/div><\/div><\/div>[\/vc_column][\/vc_row][vc_row full_width=&#8221;stretch_row&#8221; css=&#8221;.vc_custom_1579087784693{padding-top: 76px !important;padding-bottom: 84px !important;background: #1f59bc url(http:\/\/auditgrup.md\/wp-content\/uploads\/2019\/07\/bg_form.png?id=140) !important;}&#8221; el_id=&#8221;contacte&#8221;][vc_column]<div class='cws-textmodule-69fdc9553aa9f cws-textmodule'><div class='cws-textmodule-header subtitle-beside'><h2 class='cws-textmodule-title'>OB\u021aINE acum cea mai bun\u0103 OFERT\u0102 de pre\u021b<\/h2><\/div><\/div>\n<div class=\"wpcf7 no-js\" id=\"wpcf7-f136-o1\" lang=\"en-US\" dir=\"ltr\" data-wpcf7-id=\"136\">\n<div class=\"screen-reader-response\"><p role=\"status\" aria-live=\"polite\" aria-atomic=\"true\"><\/p> <ul><\/ul><\/div>\n<form action=\"\/ro\/wp-json\/wp\/v2\/pages\/135#wpcf7-f136-o1\" method=\"post\" class=\"wpcf7-form init\" aria-label=\"Contact form\" novalidate=\"novalidate\" data-status=\"init\">\n<fieldset class=\"hidden-fields-container\"><input type=\"hidden\" name=\"_wpcf7\" value=\"136\" \/><input type=\"hidden\" name=\"_wpcf7_version\" value=\"6.1.1\" \/><input type=\"hidden\" name=\"_wpcf7_locale\" value=\"en_US\" \/><input type=\"hidden\" name=\"_wpcf7_unit_tag\" value=\"wpcf7-f136-o1\" \/><input type=\"hidden\" name=\"_wpcf7_container_post\" value=\"0\" \/><input type=\"hidden\" name=\"_wpcf7_posted_data_hash\" value=\"\" \/><input type=\"hidden\" name=\"lang\" value=\"ro\" \/>\n<\/fieldset>\n<div class=\"form-advanced form-seo-score\">\n\t<div class=\"form-row form-column-4\">\n\t\t<p><label class=\"form-field-wrapper alter-counter\"><span class=\"wpcf7-form-control-wrap\" data-name=\"your-name\"><input size=\"40\" maxlength=\"400\" class=\"wpcf7-form-control wpcf7-text wpcf7-validates-as-required\" aria-required=\"true\" aria-invalid=\"false\" placeholder=\"Compania\" value=\"\" type=\"text\" name=\"your-name\" \/><\/span><span class=\"form-field-counter\">01<\/span><\/label>\n\t\t<\/p>\n\t<\/div>\n\t<div class=\"form-row form-column-4\">\n\t\t<p><label class=\"form-field-wrapper alter-counter\"><span class=\"wpcf7-form-control-wrap\" data-name=\"your-email\"><input size=\"40\" maxlength=\"400\" class=\"wpcf7-form-control wpcf7-email wpcf7-validates-as-required wpcf7-text wpcf7-validates-as-email\" aria-required=\"true\" aria-invalid=\"false\" placeholder=\"Email\" value=\"\" type=\"email\" name=\"your-email\" \/><\/span><span class=\"form-field-counter\">02<\/span><\/label>\n\t\t<\/p>\n\t<\/div>\n\t<div class=\"form-row form-column-4\">\n\t\t<p><label class=\"form-field-wrapper alter-counter\"><span class=\"wpcf7-form-control-wrap\" data-name=\"your-phone\"><input size=\"40\" maxlength=\"400\" class=\"wpcf7-form-control wpcf7-tel wpcf7-validates-as-required wpcf7-text wpcf7-validates-as-tel\" aria-required=\"true\" aria-invalid=\"false\" placeholder=\"Telefon\" value=\"\" type=\"tel\" name=\"your-phone\" \/><\/span><span class=\"form-field-counter\">03<\/span><\/label>\n\t\t<\/p>\n\t<\/div>\n\t<div class=\"form-row form-column-4\">\n\t\t<p><button class=\"wpcf7-submit with-icon\">Trimite\u021bi<\/button>\n\t\t<\/p>\n\t<\/div>\n<\/div><div class=\"wpcf7-response-output\" aria-hidden=\"true\"><\/div>\n<\/form>\n<\/div>\n[\/vc_column][\/vc_row]\n","protected":false},"excerpt":{"rendered":"<p>[vc_row full_width=&#8221;stretch_row&#8221; add_waves=&#8221;1&#8243; wave_top_left=&#8221;1&#8243; wave_bottom_right=&#8221;1&#8243; css=&#8221;.vc_custom_1579004664757{padding-top: 120px !important;padding-bottom: 110px !important;background-color: #f3f3f3 !important;}&#8221; custom_styles_portrait=&#8221;.vc_custom_1579004664766{padding-top: 80px !important;padding-bottom: 80px !important;}&#8221; custom_styles_mobile=&#8221;.vc_custom_1579004664770{padding-bottom: 20px !important;}&#8221; el_id=&#8221;despre&#8221;][vc_column width=&#8221;1\/2&#8243; css=&#8221;.vc_custom_1565179498793{padding-right: 50px !important;}&#8221; custom_styles_landscape=&#8221;.vc_custom_1565179498795{padding-right: 15px !important;}&#8221; offset=&#8221;vc_col-lg-5 vc_col-md-5&#8243;][vc_row_inner content_placement=&#8221;middle&#8221; css=&#8221;.vc_custom_1564577015356{padding-top: 28px !important;}&#8221;][vc_column_inner width=&#8221;1\/2&#8243;][\/vc_column_inner][vc_column_inner width=&#8221;1\/2&#8243; custom_styles_mobile=&#8221;.vc_custom_1564381560288{margin-top: 30px !important;}&#8221;][\/vc_column_inner][\/vc_row_inner][\/vc_column][vc_column width=&#8221;1\/2&#8243; offset=&#8221;vc_col-lg-7 vc_col-md-7&#8243; custom_styles_mobile=&#8221;.vc_custom_1565179752053{margin-top: 40px !important;}&#8221;][vc_row_inner css=&#8221;.vc_custom_1579003527582{margin-right: 0px !important;margin-bottom: -170px !important;margin-left: 0px !important;padding-top: 225px !important;padding-bottom: 225px !important;background-image: url(http:\/\/auditgrup.md\/wp-content\/uploads\/2020\/01\/video2.jpg?id=2514) !important;border-radius: 20px !important;}&#8221; custom_styles_landscape=&#8221;.vc_custom_1579003527588{margin-bottom: 0px !important;padding-top: 150px !important;padding-bottom: 150px !important;}&#8221; custom_styles_portrait=&#8221;.vc_custom_1579003527591{margin-bottom: -60px !important;padding-top: 110px !important;padding-bottom: 110px !important;}&#8221; custom_styles_mobile=&#8221;.vc_custom_1579003527594{margin-right: 0px !important;margin-bottom: -80px !important;margin-left: 0px !important;padding-top: 100px !important;padding-bottom: 100px !important;}&#8221;][vc_column_inner][\/vc_column_inner][\/vc_row_inner][\/vc_column][\/vc_row][vc_row full_width=&#8221;stretch_row&#8221; css=&#8221;.vc_custom_1579004678781{padding-top: 150px !important;padding-bottom: 73px !important;}&#8221; custom_styles_landscape=&#8221;.vc_custom_1579004678785{padding-top: 120px !important;padding-bottom: 90px !important;}&#8221; el_id=&#8221;servicii&#8221;][vc_column][vc_row_inner css=&#8221;.vc_custom_1562761854082{padding-top: 50px !important;}&#8221;][vc_column_inner width=&#8221;1\/3&#8243;][\/vc_column_inner][vc_column_inner width=&#8221;1\/3&#8243;][\/vc_column_inner][vc_column_inner width=&#8221;1\/3&#8243;][\/vc_column_inner][\/vc_row_inner][\/vc_column][\/vc_row][vc_row full_width=&#8221;stretch_row&#8221; css=&#8221;.vc_custom_1579004693618{padding-top: 100px !important;padding-bottom: 120px !important;}&#8221; custom_styles_portrait=&#8221;.vc_custom_1579004693625{padding-bottom: 50px !important;}&#8221; custom_styles_landscape=&#8221;.vc_custom_1579004693621{padding-top: 70px !important;padding-bottom: 70px !important;}&#8221; el_id=&#8221;certificate&#8221;][vc_column][vc_row_inner][vc_column_inner width=&#8221;1\/3&#8243;][vc_single_image image=&#8221;2566&#8243; img_size=&#8221;400&#215;550&#8243; alignment=&#8221;center&#8221; onclick=&#8221;link_image&#8221;][\/vc_column_inner][vc_column_inner width=&#8221;1\/3&#8243;][vc_single_image image=&#8221;2637&#8243; img_size=&#8221;400&#215;550&#8243; alignment=&#8221;center&#8221; onclick=&#8221;link_image&#8221;][\/vc_column_inner][vc_column_inner width=&#8221;1\/3&#8243;][vc_single_image image=&#8221;2602&#8243; img_size=&#8221;400&#215;550&#8243; alignment=&#8221;center&#8221; onclick=&#8221;link_image&#8221;][\/vc_column_inner][\/vc_row_inner][\/vc_column][\/vc_row][vc_row full_width=&#8221;stretch_row&#8221; css=&#8221;.vc_custom_1579004704634{padding-top: 120px !important;padding-bottom: 120px !important;background-color: #f3f3f3 !important;}&#8221; el_id=&#8221;cumlucram&#8221;][vc_column][\/vc_column][\/vc_row][vc_row full_width=&#8221;stretch_row&#8221; css=&#8221;.vc_custom_1579087784693{padding-top: 76px !important;padding-bottom: 84px !important;background: #1f59bc url(http:\/\/auditgrup.md\/wp-content\/uploads\/2019\/07\/bg_form.png?id=140) !important;}&#8221; el_id=&#8221;contacte&#8221;][vc_column][\/vc_column][\/vc_row]<\/p>\n","protected":false},"author":1,"featured_media":0,"parent":0,"menu_order":0,"comment_status":"closed","ping_status":"closed","template":"","meta":{"footnotes":""},"class_list":["post-135","page","type-page","status-publish","hentry"],"_links":{"self":[{"href":"https:\/\/auditgrup.md\/ro\/wp-json\/wp\/v2\/pages\/135","targetHints":{"allow":["GET"]}}],"collection":[{"href":"https:\/\/auditgrup.md\/ro\/wp-json\/wp\/v2\/pages"}],"about":[{"href":"https:\/\/auditgrup.md\/ro\/wp-json\/wp\/v2\/types\/page"}],"author":[{"embeddable":true,"href":"https:\/\/auditgrup.md\/ro\/wp-json\/wp\/v2\/users\/1"}],"replies":[{"embeddable":true,"href":"https:\/\/auditgrup.md\/ro\/wp-json\/wp\/v2\/comments?post=135"}],"version-history":[{"count":95,"href":"https:\/\/auditgrup.md\/ro\/wp-json\/wp\/v2\/pages\/135\/revisions"}],"predecessor-version":[{"id":2638,"href":"https:\/\/auditgrup.md\/ro\/wp-json\/wp\/v2\/pages\/135\/revisions\/2638"}],"wp:attachment":[{"href":"https:\/\/auditgrup.md\/ro\/wp-json\/wp\/v2\/media?parent=135"}],"curies":[{"name":"wp","href":"https:\/\/api.w.org\/{rel}","templated":true}]}}